{"id":18356,"date":"2022-03-16T12:33:01","date_gmt":"2022-03-16T11:33:01","guid":{"rendered":"https:\/\/www.iaraosta.it\/ricerca-e-sperimentazione\/"},"modified":"2023-06-29T15:53:00","modified_gmt":"2023-06-29T13:53:00","slug":"ricerca-e-sperimentazione","status":"publish","type":"page","link":"https:\/\/www.iaraosta.it\/fr\/ricerca-e-sperimentazione\/","title":{"rendered":"Recherche et Exp\u00e9rimentation"},"content":{"rendered":"<div class=\"wpb-content-wrapper\"><p>[vc_row][vc_column][vc_column_text]<\/p>\n<h2 style=\"text-align: left;\">La recherche appliqu\u00e9e<\/h2>\n<p>[\/vc_column_text][vc_empty_space][vc_column_text]Les projets men\u00e9s par l\u2019IAR s\u2019inscrivent dans le cadre de la recherche appliqu\u00e9e. Notre objectif est de r\u00e9pondre efficacement \u00e0 des besoins concrets par des solutions techniques innovantes, tout en valorisant le fort lien avec le territoire, \u00e9l\u00e9ment cl\u00e9 de l\u2019agriculture et du secteur agro-alimentaire en Vall\u00e9e d\u2019Aoste.<br \/>\nDepuis l\u2019\u00c9cole pratique d\u2019agriculture, l\u2019innovation technique et l\u2019exp\u00e9rimentation ont \u00e9t\u00e9 des \u00e9l\u00e9ments essentiels pour notre structure, reconnus par la loi institutionnelle de 1982 qui a cr\u00e9\u00e9 l\u2019Institut Agricole R\u00e9gional.<\/p>\n<p>L\u2019\u00e9volution du contexte socio-\u00e9conomique a fait na\u00eetre de nouveaux besoins et les questions auxquelles nous sommes appel\u00e9s \u00e0 r\u00e9pondre ont, en partie, chang\u00e9 aux fils du temps. L\u2019\u00e9tude des relations entre les pratiques agricoles et l\u2019environnement a acquis une importance croissante, l\u2019attention \u00e9tant centr\u00e9e sur la durabilit\u00e9 \u00e9conomique et environnementale, l\u2019adaptation au changement climatique, la gestion des ressources locales, tant naturelles (eau, sol, habitat), que celles plus proprement dites agricoles : plantes fourrag\u00e8res spontan\u00e9es, \u00e9cotypes, vari\u00e9t\u00e9s, races animales et souches microbiennes li\u00e9s au territoire de la Vall\u00e9e d\u2019Aoste. La diversification des productions, dans les diff\u00e9rentes zones sectorielles, est de plus en plus importante dans la d\u00e9termination du revenu des exploitations. La qualit\u00e9 organoleptique, la salubrit\u00e9, le r\u00f4le nutritionnel mais aussi la s\u00e9curit\u00e9 sanitaire des aliments qui composent notre alimentation sont devenus des \u00e9l\u00e9ments fondamentaux dans le choix des consommateurs et, par cons\u00e9quent, dans la valorisation des produits agro-alimentaires.[\/vc_column_text][vc_empty_space][\/vc_column][\/vc_row][vc_row][vc_column width=&#8221;1\/3&#8243;]<a  href=\"https:\/\/www.iaraosta.it\/unita-di-ricerca\/\"  target=\"_self\"  title=\"Unit\u00e0 di ricerca\" class=\"tt_button    button-center  \" ><span class=\"prim_text\">Unit\u00e9 de recherche<\/span><span class=\" iconita\"><\/span><\/a>[\/vc_column][vc_column width=&#8221;1\/3&#8243;]<a  href=\"https:\/\/www.iaraosta.it\/temi-di-ricerca\/\"  target=\"_self\"  title=\"Unit\u00e0 di ricerca\" class=\"tt_button    button-center  \" ><span class=\"prim_text\">Sujets de recherche<\/span><span class=\" iconita\"><\/span><\/a>[\/vc_column][vc_column width=&#8221;1\/3&#8243;]<a  href=\"https:\/\/www.iaraosta.it\/pubblicazioni-unita-di-ricerca\/\"  target=\"_blank\"  title=\"Pubblicazioni\" class=\"tt_button    button-center  \" ><span class=\"prim_text\">Publications<\/span><span class=\" iconita\"><\/span><\/a>[\/vc_column][\/vc_row][vc_row][vc_column][\/vc_column][\/vc_row]<\/p>\n<\/div>","protected":false},"excerpt":{"rendered":"<p>[vc_row][vc_column][vc_column_text] La recherche appliqu\u00e9e [\/vc_column_text][vc_empty_space][vc_column_text]Les projets men\u00e9s par l\u2019IAR s\u2019inscrivent dans le cadre de la recherche appliqu\u00e9e. Notre objectif est de r\u00e9pondre efficacement \u00e0 des besoins concrets par des solutions techniques innovantes, tout en valorisant [&hellip;]<\/p>\n","protected":false},"author":5,"featured_media":17366,"parent":0,"menu_order":0,"comment_status":"closed","ping_status":"closed","template":"","meta":{"_acf_changed":false,"_seopress_robots_primary_cat":"","_seopress_titles_title":"","_seopress_titles_desc":"","_seopress_robots_index":"","footnotes":""},"class_list":["post-18356","page","type-page","status-publish","has-post-thumbnail","hentry"],"acf":[],"publishpress_future_workflow_manual_trigger":{"enabledWorkflows":[]},"_links":{"self":[{"href":"https:\/\/www.iaraosta.it\/fr\/wp-json\/wp\/v2\/pages\/18356","targetHints":{"allow":["GET"]}}],"collection":[{"href":"https:\/\/www.iaraosta.it\/fr\/wp-json\/wp\/v2\/pages"}],"about":[{"href":"https:\/\/www.iaraosta.it\/fr\/wp-json\/wp\/v2\/types\/page"}],"author":[{"embeddable":true,"href":"https:\/\/www.iaraosta.it\/fr\/wp-json\/wp\/v2\/users\/5"}],"replies":[{"embeddable":true,"href":"https:\/\/www.iaraosta.it\/fr\/wp-json\/wp\/v2\/comments?post=18356"}],"version-history":[{"count":2,"href":"https:\/\/www.iaraosta.it\/fr\/wp-json\/wp\/v2\/pages\/18356\/revisions"}],"predecessor-version":[{"id":18445,"href":"https:\/\/www.iaraosta.it\/fr\/wp-json\/wp\/v2\/pages\/18356\/revisions\/18445"}],"wp:featuredmedia":[{"embeddable":true,"href":"https:\/\/www.iaraosta.it\/fr\/wp-json\/wp\/v2\/media\/17366"}],"wp:attachment":[{"href":"https:\/\/www.iaraosta.it\/fr\/wp-json\/wp\/v2\/media?parent=18356"}],"curies":[{"name":"wp","href":"https:\/\/api.w.org\/{rel}","templated":true}]}}