{"id":18354,"date":"2022-03-18T13:14:23","date_gmt":"2022-03-18T12:14:23","guid":{"rendered":"https:\/\/www.iaraosta.it\/resthalp-ripristino-ecologico-di-habitat-nelle-alpi-2\/"},"modified":"2022-03-18T13:14:23","modified_gmt":"2022-03-18T12:14:23","slug":"resthalp-ripristino-ecologico-di-habitat-nelle-alpi-2","status":"publish","type":"page","link":"https:\/\/www.iaraosta.it\/fr\/resthalp-ripristino-ecologico-di-habitat-nelle-alpi-2\/","title":{"rendered":"RestHAlp \u2013 Ripristino ecologico di habitat nelle Alpi"},"content":{"rendered":"<div class=\"wpb-content-wrapper\"><p>[vc_row][vc_column][vc_single_image image=&#8221;11756&#8243; img_size=&#8221;full&#8221; alignment=&#8221;center&#8221;][vc_empty_space][vc_column_text]<\/p>\n<blockquote><p><strong>RestHAlp\u00a0<\/strong>\u00e8 un progetto realizzato grazie al<strong>\u00a0finanziamento del Programma europeo di cooperazione transfrontaliera tra Francia e Italia\u00a0<a href=\"http:\/\/www.interreg-alcotra.eu\/it\">ALCOTRA 2014-2020<\/a><\/strong>, nell\u2019obiettivo specifico\u00a0<em>3.2 Biodiversit\u00e0 \u2013 migliorare la gestione degli habitat e delle specie protette nell\u2019area transfrontaliera<\/em>.<\/p><\/blockquote>\n<p>[\/vc_column_text][\/vc_column][\/vc_row][vc_row][vc_column][vc_column_text]<\/p>\n<h2>Il progetto<\/h2>\n<p>Il <strong>degrado degli habitat<\/strong>, dovuto alle attivit\u00e0 dell\u2019uomo, a <strong>dissesti idrogeologici<\/strong> o all\u2019<strong>invasione di specie esotiche<\/strong>, impone la necessit\u00e0 di trovare soluzioni efficaci e adeguate al contesto ecologico. Questa esigenza oltrepassa le frontiere e richiede la messa in comune di risorse e di competenze per promuovere azioni coordinate a livello della zona biogeografica alpina.<\/p>\n<p>Il progetto si poneva l\u2019obiettivo generale di contribuire a <em><strong>conservare l\u2019equilibrio di habitat naturali<\/strong> <\/em>o, se necessario, a ripristinare quelli che fossero stati soggetti a fenomeni di degrado.<\/p>\n<p>Questa finalit\u00e0 \u00e8 stata perseguita attraverso tre approcci complementari, in cui, oltre alle realizzazioni pratiche e tecniche, sono stati condotti interventi a carattere divulgativo, allo scopo di sensibilizzare e coinvolgere la cittadinanza nella conservazione e nella valorizzazione degli habitat ad elevato valore naturalistico.[\/vc_column_text][vc_empty_space][vc_column_text]<\/p>\n<ul>\n<li><strong>Valutare e promuovere i servizi ecosistemici<\/strong><\/li>\n<\/ul>\n<p>\u00c8 stato messo a punto un Piano d\u2019azione condiviso per valorizzare e promuovere i servizi ecosistemici offerti dalle aree protette, per promuoverli presso la popolazione e le amministrazioni locali, fornendo strumenti ai gestori delle aree protette. Sono stati attrezzati sette siti per la quantificazione dei servizi forniti dall\u2019area umide (i quali continueranno a fornire dati anche dopo la fine del progetto), \u00e8 stato organizzato un convegno sull\u2019argomento ed \u00e8 stato redatto il\u00a0<a href=\"https:\/\/www.iaraosta.it\/wp-content\/uploads\/2022\/03\/2020_RestHAlp_Servizi-ecosistemici_ITA_page-0001.jpg\">Manuale per la promozione e l\u2019utilizzazione dei servizi ecosistemici nelle zone umide<\/a>, allo scopo di fornire strumenti per gli enti gestori di aree protette.<\/p>\n<ul>\n<li><strong>Limitare la diffusione delle specie esotiche invasive<\/strong><\/li>\n<\/ul>\n<p><img loading=\"lazy\" decoding=\"async\" class=\"size-full wp-image-11715 alignright\" src=\"https:\/\/www.iaraosta.it\/wp-content\/uploads\/2022\/03\/RestHAlp_AlienAlp-262x300-1.png\" alt=\"Alien Alp App RestHAlp\" width=\"262\" height=\"300\" \/>Le specie esotiche invasive sono considerate tra le principali cause di deterioramento degli habitat e di impoverimento della biodiversit\u00e0. La lotta alla loro diffusione \u00e8 stata avviata con il monitoraggio, la mappatura e lo studio delle dinamiche di espansione delle specie pi\u00f9 pericolose nei territori interessati. \u00c8 stata prodotta l\u2019applicazione per smartphone <em>AlienAlp<\/em>, che consente la segnalazione delle specie esotiche invasive alle banche dati floristiche delle aree del progetto; queste banche dati sono state completate e rese accessibili al pubblico. Inoltre, l\u2019<em>app<\/em>\u00a0\u00e8 stato un utile strumento per sensibilizzare la cittadinanza alla problematica e coinvolgerla nella segnalazione e nella lotta alle specie esotiche invasive.<\/p>\n<p>L\u2019applicazione smartphone \u201c<strong>AlienAlp<\/strong>\u201d \u00e8 liberamente scaricabile su\u00a0<a href=\"https:\/\/play.google.com\/store\/apps\/details?id=it.vda.regione.alienalp\">PlayStore<\/a>\u00a0e\u00a0<a href=\"https:\/\/apps.apple.com\/it\/app\/alienalp\/id1465241727\">AppStore<\/a>.<\/p>\n<p>Per saperne di pi\u00f9 su AlienAlp e specie esotiche invasive, leggi l\u2019articolo su\u00a0<a href=\"http:\/\/www.agronomoforestale.eu\/index.php\/il-problema-delle-piante-esotiche-invasive-e-unapp-per-monitorare-la-loro-presenza\/\">AF, la rivista ufficiale del Consiglio dell\u2019Ordine Nazionale dei Dottori Agronomi e dei Dottori Forestali<\/a>.<\/p>\n<ul>\n<li><strong>Sviluppare strumenti per il ripristino ecologico sostenibile<\/strong><\/li>\n<\/ul>\n<p><img loading=\"lazy\" decoding=\"async\" class=\"size-full wp-image-11720 alignleft\" src=\"https:\/\/www.iaraosta.it\/wp-content\/uploads\/2022\/03\/DSC00534_20180724_Archivio-IAR-300x200-1.jpg\" alt=\"\" width=\"300\" height=\"200\" \/>L\u2019obiettivo di questa azione \u00e8 far conoscere, a gestori e professionisti del paesaggio, buone pratiche di restauro ecologico di ambienti naturali gi\u00e0 degradati, grazie all\u2019utilizzo di sementi locali. Per raggiungere questo obiettivo, sui due versanti delle Alpi, sono state realizzate numerose azioni di recupero ambientale volte a ristabilire le condizioni ecologiche preesistenti; alcuni cantieri di lavoro sono stati oggetto di visite dimostrative sulle tecniche di ripristino, rivolte agli operatori del settore. Le esperienze maturate durante il progetto sono alla base del\u00a0<a href=\"https:\/\/www.iaraosta.it\/wp-content\/uploads\/2022\/03\/2020_RestHAlp_Inerbimenti_ITA.pdf\">Manuale di buone pratiche per gli inerbimenti nei Siti Natura 2000.<\/a><\/p>\n<p>&nbsp;<\/p>\n<p><img loading=\"lazy\" decoding=\"async\" class=\"size-full wp-image-11721 alignright\" src=\"https:\/\/www.iaraosta.it\/wp-content\/uploads\/2022\/03\/RestHAlp_Prototipo-spazzolatrice-IAR-300x165-1.jpg\" alt=\"\" width=\"300\" height=\"165\" \/>\u00c8 stato progettato, costruito e brevettato un\u00a0<strong>prototipo innovativo di spazzolatrice<\/strong>\u00a0trainata per la raccolta di sementi spontanee, dotato di un sistema semplificato di scarico del materiale raccolto, allo scopo di ridurre i tempi di lavoro, consentire una raccolta pi\u00f9 veloce e tempestiva e agevolare la movimentazione della macchina e del materiale raccolto. \u00c8 stato inoltre assemblato un sistema di essiccazione da utilizzare in integrazione alla macchina raccoglitrice, specificamente progettato per il condizionamento delle sementi spontanee.[\/vc_column_text][vc_empty_space][vc_column_text]<\/p>\n<h3>Manuali RestHAlp<\/h3>\n<p>[\/vc_column_text][vc_empty_space][\/vc_column][\/vc_row][vc_row][vc_column width=&#8221;1\/2&#8243;][vc_single_image image=&#8221;11740&#8243; img_size=&#8221;full&#8221; alignment=&#8221;center&#8221;][\/vc_column][vc_column width=&#8221;1\/2&#8243;][vc_column_text]<\/p>\n<h4>Manuale di buone pratiche per gli inerbimenti nei siti Natura 2000.\u00a0Materiali e metodi per gli operatori della filiera<\/h4>\n<blockquote><p>La guida \u00e8 uno strumento di diffusione di conoscenze tecnico-scientifiche e di metodologie per il ripristino ecologico, rivolto ai gestori delle aree protette e dei siti Natura 2000, ai professionisti coinvolti nella gestione del territorio e agli agricoltori, ma anche ai funzionari che commissionano, verificano e approvano i progetti di recupero ambientale e ai progettisti che operano nei territori di Rete Natura 2000, allo scopo di aiutarli ad affrontare i problemi relativi alla conservazione degli habitat e alla diffusione di specie nocive.<\/p><\/blockquote>\n<p>[\/vc_column_text][\/vc_column][\/vc_row][vc_row][vc_column][vc_column_text]Guida in italiano:\u00a0<a href=\"https:\/\/www.iaraosta.it\/wp-content\/uploads\/2022\/03\/2020_RestHAlp_Inerbimenti_ITA-1.pdf\">Manuale di buone pratiche per gli inerbimenti nei Siti Natura 2000<\/a>.<br \/>\nGuide en\u00a0<span class=\"VIiyi\" lang=\"fr\"><span class=\"JLqJ4b ChMk0b\" data-language-for-alternatives=\"fr\" data-language-to-translate-into=\"it\" data-phrase-index=\"0\">fran\u00e7ais<\/span><\/span>\u00a0:\u00a0<a href=\"https:\/\/www.iaraosta.it\/wp-content\/uploads\/2022\/03\/2020_RestHAlp_Revegetalisation_FRA.pdf\">Guide de bonnes pratiques pour la rev\u00e9g\u00e9talisation dans les Sites Natura 2000<\/a><em>.<br \/>\n<\/em>Handbook in english:\u00a0<a href=\"https:\/\/www.iaraosta.it\/wp-content\/uploads\/2021\/10\/2020_RestHAlp_Revegetation_ENG-1.pdf\">Good practice handbook for revegetation in Natura 2000 sites<\/a><em>.<\/em>[\/vc_column_text][vc_empty_space][\/vc_column][\/vc_row][vc_row][vc_column width=&#8221;1\/2&#8243;][vc_column_text]<\/p>\n<h4>Manuale per la promozione e l\u2019utilizzazione dei servizi ecosistemici nelle zone umide<\/h4>\n<blockquote><p>La guida \u00e8 rivolta ai gestori di aree protette, ai tecnici delle amministrazioni locali e ai promotori di progetti che desiderino comprendere meglio, applicare il concetto o impegnarsi nel processo di valutazione dei servizi ecosistemici, al fine di promuovere il ripristino degli ecosistemi e pi\u00f9 specificamente delle zone umide. In particolare vengono presentati dei chiari esempi dei servizi forniti dalle zone umide, evidenziando l\u2019interesse di introdurne la valutazione per promuovere l\u2019impegno dei diversi attori nel ripristino del loro funzionamento ecologico.<\/p><\/blockquote>\n<p>[\/vc_column_text][\/vc_column][vc_column width=&#8221;1\/2&#8243;][vc_single_image image=&#8221;11741&#8243; img_size=&#8221;full&#8221; alignment=&#8221;center&#8221;][\/vc_column][\/vc_row][vc_row][vc_column][vc_column_text]Guida in italiano: <a href=\"https:\/\/www.iaraosta.it\/wp-content\/uploads\/2022\/03\/2020_RestHAlp_Servizi-ecosistemici_ITA.pdf\">Manuale per la promozione e l\u2019utilizzazione dei servizi ecosistemici nelle zone umide<\/a><br \/>\nGuide en\u00a0<span class=\"VIiyi\" lang=\"fr\"><span class=\"JLqJ4b ChMk0b\" data-language-for-alternatives=\"fr\" data-language-to-translate-into=\"it\" data-phrase-index=\"0\">fran\u00e7ais<\/span><\/span> : <a href=\"https:\/\/www.iaraosta.it\/wp-content\/uploads\/2022\/03\/2020_RestHAlp_Services-ecosystemiques_FRA.pdf\">Guide pour la promotion et l\u2019utilisation des services \u00e9cosyst\u00e9miques dans les zones humides<\/a><em><br \/>\n<\/em>Handbook in english: <a href=\"https:\/\/www.iaraosta.it\/wp-content\/uploads\/2022\/03\/2020_RestHAlp_Ecosystem-services_ENG.pdf\">Handbook for the promotion and use of ecosystem services in wetlands<\/a>[\/vc_column_text][\/vc_column][\/vc_row][vc_row][vc_column][vc_empty_space][vc_column_text]<\/p>\n<h3>3 Piani d&#8217;azione condivisi a scala transfrontaliera per la conoscenza e la gestione della biodiversit\u00e0<\/h3>\n<p>[\/vc_column_text][vc_empty_space][vc_column_text]<\/p>\n<ol>\n<li>Il <a href=\"https:\/\/www.iaraosta.it\/wp-content\/uploads\/2022\/03\/RESTHALP_Piano-dazione-Ripristino_ITA.pdf\">Piano d\u2019azione condiviso per il ripristino ecologico con l\u2019uso di sementi di origine locale<\/a>\u00a0propone uno schema operativo e decisionale per chi progetta il ripristino di un sito di elevato valore naturalistico. Il Piano \u00e8 impostato per tappe consecutive: definizione degli obiettivi; analisi delle cause del degrado; valutazione della necessit\u00e0 di rivegetazione; studio del contesto socio-economico; individuazione del percorso tecnico; valutazione degli effetti del ripristino \u2192\u00a0<a href=\"https:\/\/www.iaraosta.it\/wp-content\/uploads\/2022\/03\/RESTHALP_Plan-daction-Restauration_FRA.pdf\">Ici, le Plan en fran\u00e7ais<\/a><\/li>\n<li>Il <a href=\"https:\/\/www.iaraosta.it\/wp-content\/uploads\/2022\/03\/RESTHALP_Piano-dazione-Specie-Esotiche-Invasive_ITA.pdf\">Piano d\u2019azione per il monitoraggio e la lotta alle specie esotiche invasive<\/a>\u00a0\u00e8 uno strumento sintetico per aiutare a pianificare e programmare azioni di prevenzione, gestione e controllo delle specie esotiche invasive vegetali; promuove inoltre la formazione degli enti coinvolti e la sensibilizzazione della popolazione \u2192\u00a0<a href=\"https:\/\/www.iaraosta.it\/wp-content\/uploads\/2022\/03\/RESTHALP_Plan-daction-EEE_FRA.pdf\">Ici, le Plan en fran\u00e7ais<\/a><\/li>\n<li>Il <a href=\"https:\/\/www.iaraosta.it\/wp-content\/uploads\/2022\/03\/RESTHALP_Piano-dazione-SE_ITA.pdf\">Piano d\u2019azione congiunto per promuovere la conoscenza e la valorizzazione dei servizi ecosistemici delle zone umide\u00a0<\/a>\u00e8 uno strumento divulgativo e di facile consultazione sulla valutazione e la promozione dei SE; identifica le principali fasi legate ad una concreta applicazione della valutazione dei servizi ecosistemici nelle zone umide e si rivolge a tutti coloro che sono coinvolti nella pianificazione del territorio e nella gestione delle zone umide \u2192\u00a0<a href=\"https:\/\/www.iaraosta.it\/wp-content\/uploads\/2022\/03\/RESTHALP_Plan-daction-SE_FRA.pdf\">Ici, le Plan en fran\u00e7ais<\/a><\/li>\n<\/ol>\n<p>[\/vc_column_text][\/vc_column][\/vc_row][vc_row][vc_column][vc_single_image image=&#8221;11745&#8243; img_size=&#8221;full&#8221; alignment=&#8221;center&#8221;][vc_empty_space][\/vc_column][\/vc_row][vc_row][vc_column][vc_column_text]<\/p>\n<h2>Il partenariato transfrontaliero<\/h2>\n<p>[\/vc_column_text][vc_empty_space][\/vc_column][\/vc_row][vc_row][vc_column][vc_column_text]<strong>RestHAlp<\/strong>\u00a0ha operato sul territorio della Valle d\u2019Aosta e dei dipartimenti francesi Alte Alpi, Is\u00e8re e Savoia ed \u00e8 stato promosso da un partenariato transfrontaliero formato da 6 enti \u2013 3 italiani e 3 francesi \u2013 complementari tanto in termini di competenze, quanto per la conoscenza dettagliata del campo e dei soggetti coinvolti:<\/p>\n<ul>\n<li><a href=\"http:\/\/www.www.iaraosta.it\/\">IAR \u2013 Institut Agricole R\u00e9gional<\/a>\u00a0(I), capofila del progetto<strong>;<\/strong><\/li>\n<li><a href=\"http:\/\/www.cbn-alpin.fr\/\">CBNA \u2013 Conservatoire Botanique National Alpin<\/a>\u00a0(F)<strong>;<\/strong><\/li>\n<li><a href=\"http:\/\/www.cen-savoie.org\/\">CEN Savoie \u2013 Conservatoire d\u2019Espaces Naturels de Savoie<\/a>\u00a0(F)<strong>;<\/strong><\/li>\n<li><a href=\"https:\/\/www.inrae.fr\/\">INRAE \u2013 Institut national de recherche pour l\u2019agriculture, l\u2019alimentation et l\u2019environnement<\/a>\u00a0(F)<strong>;<\/strong><\/li>\n<li><a href=\"http:\/\/www.pngp.it\/\">PNGP \u2013 Parco Nazionale Gran Paradis<\/a>o\u00a0(I)<strong>;<\/strong><\/li>\n<li><a href=\"http:\/\/www.regione.vda.it\/risorsenaturali\/default_i.asp\">RAVA \u2013 Regione Autonoma Valle d\u2019Aosta, Assessorato Agricoltura e risorse naturali<\/a>\u00a0(I)<\/li>\n<\/ul>\n<p>Inizio del progetto:\u00a0<strong>2017;<\/strong>\u00a0fine del progetto:\u00a0<strong>2020<\/strong>.<\/p>\n<p>&nbsp;<\/p>\n<p><img loading=\"lazy\" decoding=\"async\" class=\"size-full wp-image-11750 alignleft\" src=\"https:\/\/www.iaraosta.it\/wp-content\/uploads\/2022\/03\/20180713_Spazzolatura-Les-Iles-di-Saint-Marcel-030-300x199-1.jpg\" alt=\"\" width=\"300\" height=\"199\" \/>Per saperne di pi\u00f9, visualizza la\u00a0<a href=\"https:\/\/www.iaraosta.it\/wp-content\/uploads\/2022\/03\/Description-technique-detaillee_RestHAlp.pdf\">Descrizione tecnica<\/a>\u00a0del progetto RestHAlp.<\/p>\n<p>Le attivit\u00e0 previste all\u2019interno del\u00a0<a href=\"http:\/\/www.pngp.it\/\"><strong>Parco Nazionale Gran Paradiso<\/strong><\/a>\u00a0vengono presentate su\u00a0<strong>Voci del Parco<\/strong>, periodico divulgativo rivolto a chi vive nell\u2019area protetta e a chi la frequenta da turista:\u00a0<a href=\"https:\/\/www.iaraosta.it\/wp-content\/uploads\/2022\/03\/voci_01_2018_web1.pdf\">Voci del Parco \u2013 n.1\/2018<\/a><\/p>\n<p>[\/vc_column_text][vc_empty_space][vc_empty_space][vc_empty_space][\/vc_column][\/vc_row][vc_row][vc_column][vc_column_text]<\/p>\n<h3><u>Contatti<\/u><\/h3>\n<p><em>Mauro Bassignana\u00a0<\/em><a href=\"mailto:m.bassignana@iaraosta.it\"><em>m.bassignana@iaraosta.it<\/em><\/a><br \/>\n<em>Francesca Madormo\u00a0<\/em><a href=\"mailto:f.madormo@iaraosta.it\"><em>f.madormo@iaraosta.it<\/em><\/a>[\/vc_column_text][\/vc_column][\/vc_row][vc_row][vc_column][vc_empty_space][\/vc_column][\/vc_row][vc_row][vc_column][vc_single_image image=&#8221;11752&#8243; img_size=&#8221;full&#8221; alignment=&#8221;center&#8221;][\/vc_column][\/vc_row]<\/p>\n<\/div>","protected":false},"excerpt":{"rendered":"<p>[vc_row][vc_column][vc_single_image image=&#8221;11756&#8243; img_size=&#8221;full&#8221; alignment=&#8221;center&#8221;][vc_empty_space][vc_column_text] RestHAlp\u00a0\u00e8 un progetto realizzato grazie al\u00a0finanziamento del Programma europeo di cooperazione transfrontaliera tra Francia e Italia\u00a0ALCOTRA 2014-2020, nell\u2019obiettivo specifico\u00a03.2 Biodiversit\u00e0 \u2013 migliorare la gestione degli habitat e delle specie protette nell\u2019area [&hellip;]<\/p>\n","protected":false},"author":5,"featured_media":16908,"parent":0,"menu_order":0,"comment_status":"closed","ping_status":"closed","template":"","meta":{"_acf_changed":false,"footnotes":""},"class_list":["post-18354","page","type-page","status-publish","has-post-thumbnail","hentry"],"acf":[],"publishpress_future_workflow_manual_trigger":{"enabledWorkflows":[]},"_links":{"self":[{"href":"https:\/\/www.iaraosta.it\/fr\/wp-json\/wp\/v2\/pages\/18354","targetHints":{"allow":["GET"]}}],"collection":[{"href":"https:\/\/www.iaraosta.it\/fr\/wp-json\/wp\/v2\/pages"}],"about":[{"href":"https:\/\/www.iaraosta.it\/fr\/wp-json\/wp\/v2\/types\/page"}],"author":[{"embeddable":true,"href":"https:\/\/www.iaraosta.it\/fr\/wp-json\/wp\/v2\/users\/5"}],"replies":[{"embeddable":true,"href":"https:\/\/www.iaraosta.it\/fr\/wp-json\/wp\/v2\/comments?post=18354"}],"version-history":[{"count":0,"href":"https:\/\/www.iaraosta.it\/fr\/wp-json\/wp\/v2\/pages\/18354\/revisions"}],"wp:featuredmedia":[{"embeddable":true,"href":"https:\/\/www.iaraosta.it\/fr\/wp-json\/wp\/v2\/media\/16908"}],"wp:attachment":[{"href":"https:\/\/www.iaraosta.it\/fr\/wp-json\/wp\/v2\/media?parent=18354"}],"curies":[{"name":"wp","href":"https:\/\/api.w.org\/{rel}","templated":true}]}}