{"id":18332,"date":"2022-06-06T13:53:00","date_gmt":"2022-06-06T11:53:00","guid":{"rendered":"https:\/\/www.iaraosta.it\/pitem-clip-progetto-circuito\/"},"modified":"2022-06-06T13:53:00","modified_gmt":"2022-06-06T11:53:00","slug":"pitem-clip-progetto-circuito","status":"publish","type":"page","link":"https:\/\/www.iaraosta.it\/fr\/pitem-clip-progetto-circuito\/","title":{"rendered":"PITEM CLIP \u2013 Progetto \u00ab\u00a0Circuito \u2013 Competitivit\u00e0, Imprese e Innovazione\u00a0\u00bb"},"content":{"rendered":"<div class=\"wpb-content-wrapper\"><p>[vc_row][vc_column][vc_single_image image=\u00a0\u00bb13974&Prime; img_size=\u00a0\u00bbfull\u00a0\u00bb alignment=\u00a0\u00bbcenter\u00a0\u00bb][vc_empty_space][vc_column_text]<\/p>\n<blockquote><p>Il <strong>PITEM CLIP<\/strong> \u00e8 un Piano integrato tematico, finanziato dal <strong>Programma europeo Interreg Italia-Francia Alcotra 2014-2020<\/strong>, con l&rsquo;obiettivo di <em>sostenere la capacit\u00e0 di innovazione, la competitivit\u00e0 e la sostenibilit\u00e0 dei comparti pi\u00f9 strategici dell&rsquo;area transfrontaliera<\/em> (imprese con focus sull&rsquo;economia circolare, e-salute ed e-trasporti), favorendo interoperabilit\u00e0 e buone pratiche di scambio e trasferimento tecnologico, incrementando e mettendo a sistema progetti innovativi esistenti ed ideando nuovi servizi a livello transfrontaliero.<\/p><\/blockquote>\n<p>[\/vc_column_text][\/vc_column][\/vc_row][vc_row][vc_column][vc_empty_space][\/vc_column][\/vc_row][vc_row][vc_column][vc_single_image image=\u00a0\u00bb13979&Prime; img_size=\u00a0\u00bblarge\u00a0\u00bb alignment=\u00a0\u00bbcenter\u00a0\u00bb][\/vc_column][\/vc_row]<\/p>\n<\/div>","protected":false},"excerpt":{"rendered":"<p>[vc_row][vc_column][vc_single_image image=\u00a0\u00bb13974&Prime; img_size=\u00a0\u00bbfull\u00a0\u00bb alignment=\u00a0\u00bbcenter\u00a0\u00bb][vc_empty_space][vc_column_text] Il PITEM CLIP \u00e8 un Piano integrato tematico, finanziato dal Programma europeo Interreg Italia-Francia Alcotra 2014-2020, con l&rsquo;obiettivo di sostenere la capacit\u00e0 di innovazione, la competitivit\u00e0 e la sostenibilit\u00e0 dei comparti [&hellip;]<\/p>\n","protected":false},"author":5,"featured_media":17472,"parent":0,"menu_order":0,"comment_status":"closed","ping_status":"closed","template":"","meta":{"_acf_changed":false,"_seopress_robots_primary_cat":"","_seopress_titles_title":"","_seopress_titles_desc":"","_seopress_robots_index":"","footnotes":""},"class_list":["post-18332","page","type-page","status-publish","has-post-thumbnail","hentry"],"acf":[],"publishpress_future_workflow_manual_trigger":{"enabledWorkflows":[]},"_links":{"self":[{"href":"https:\/\/www.iaraosta.it\/fr\/wp-json\/wp\/v2\/pages\/18332","targetHints":{"allow":["GET"]}}],"collection":[{"href":"https:\/\/www.iaraosta.it\/fr\/wp-json\/wp\/v2\/pages"}],"about":[{"href":"https:\/\/www.iaraosta.it\/fr\/wp-json\/wp\/v2\/types\/page"}],"author":[{"embeddable":true,"href":"https:\/\/www.iaraosta.it\/fr\/wp-json\/wp\/v2\/users\/5"}],"replies":[{"embeddable":true,"href":"https:\/\/www.iaraosta.it\/fr\/wp-json\/wp\/v2\/comments?post=18332"}],"version-history":[{"count":0,"href":"https:\/\/www.iaraosta.it\/fr\/wp-json\/wp\/v2\/pages\/18332\/revisions"}],"wp:featuredmedia":[{"embeddable":true,"href":"https:\/\/www.iaraosta.it\/fr\/wp-json\/wp\/v2\/media\/17472"}],"wp:attachment":[{"href":"https:\/\/www.iaraosta.it\/fr\/wp-json\/wp\/v2\/media?parent=18332"}],"curies":[{"name":"wp","href":"https:\/\/api.w.org\/{rel}","templated":true}]}}