{"id":18317,"date":"2022-02-24T15:20:45","date_gmt":"2022-02-24T14:20:45","guid":{"rendered":"https:\/\/www.iaraosta.it\/informativa-iscrizione-corsi-online\/"},"modified":"2022-02-24T15:20:45","modified_gmt":"2022-02-24T14:20:45","slug":"informativa-iscrizione-corsi-online","status":"publish","type":"page","link":"https:\/\/www.iaraosta.it\/fr\/informativa-iscrizione-corsi-online\/","title":{"rendered":"Informativa iscrizione corsi online"},"content":{"rendered":"<p><strong>Fondazione <em>Institut Agricole R\u00e9gional<\/em><\/strong><\/p>\n<p><strong>Informativa ai sensi dell\u2019art. 13 Regolamento Generale sulla Protezione dei Dati (UE) 2016\/679<\/strong><\/p>\n<p><strong>Iscrizione corsi di formazione professionale mediante modulo <em>online<\/em><\/strong><\/p>\n<p><strong><em>\u00a0<\/em><\/strong><\/p>\n<ol>\n<li><strong>Titolare del trattamento.<\/strong> Titolare del trattamento dei dati comunicati per l\u2019iscrizione ai corsi professionali di cui alla presente sezione \u00e8 la Fondazione <em>Institut Agricole R\u00e9gional <\/em>con sede in Aosta, Regione La Roch\u00e8re n. 1\/A (C.F. e P.IVA: 00415990076) in persona del Presidente del Consiglio di Amministrazione e Legale Rappresentante <em>pro tempore<\/em>.<\/li>\n<li><strong>Responsabile della protezione dei dati. <\/strong>La Fondazione <em>Institut Agricole R\u00e9gional<\/em>ha provveduto a nominare, in adempimento a quanto previsto dall&#8217;art. 37 GDPR 2016\/679, un Responsabile della Protezione dei Dati nella persona dell\u2019Avv. Alessandro Medori del Foro di Torino. I riferimenti utili a contattare il DPO sono pubblicati sul sito<\/li>\n<li><strong>Ambito di applicazione della presente informativa.<\/strong> La presente informativa \u00e8 indirizzata a tutti coloro i quali intendono procedere all\u2019iscrizione ai corsi di formazione professionale organizzati dalla Fondazione <em>Institut Agricole R\u00e9gional<\/em> tramite il modulo messo a disposizione nella sezione \u201ccorsi attivi\u201d del sito istituzionale.<\/li>\n<li><strong>Tipologia di dati comunicati.<\/strong> Al fine di garantire l\u2019<strong>iscrizione<\/strong> viene richiesta agli interessati la comunicazione di <strong>dati anagrafici<\/strong> \u2013 nome e cognome \u2013 e <strong>dati di contatto<\/strong> (indirizzo di posta elettronica ed indirizzo di residenza). Possono essere inoltre trattati eventuali dati bancari necessari al completamento del pagamento (numero carta di credito o codice IBAN) con riferimento agli eventi per cui \u00e8 previsto il versamento di un corrispettivo. Quanto agli ulteriori trattamenti effettuati tramite i sistemi informatici e le procedure <em>software<\/em> preposte al funzionamento del sito si rimanda alla relativa informativa.<\/li>\n<li><strong>Fotografie<\/strong>. Nell\u2019ambito dei corsi erogati la Fondazione potr\u00e0 realizzare fotografie o filmati; nel caso in cui questi dovessero ritrarre i partecipanti agli stessi verr\u00e0 richiesta apposita liberatoria e fornita la relativa informativa sul trattamento dei dati personali.<\/li>\n<li><strong>Finalit\u00e0 del trattamento dei dati.<\/strong> Il trattamento dei dati \u00e8 finalizzato a:\n<ol>\n<li>Raccogliere le richieste di iscrizione e partecipazione al corso di formazione nonch\u00e9 a dar seguito alle stesse;<\/li>\n<li>espletare le pratiche \u2013 di gestione e di servizio \u2013 connesse all\u2019erogazione del corso (tra cui le comunicazioni preliminari, l\u2019invio di materiale ed il rilascio degli attestati di partecipazione quando previsto);<\/li>\n<li>gestire i pagamenti (con relativo trattamento, nei termini di Legge, dei dati di pagamento incusi gli eventuali estremi identificativi delle carte di credito);<\/li>\n<li>Adempiere agli obblighi civilistici, fiscali e contabili connessi all\u2019iscrizione al corso;<\/li>\n<li>Soltanto in ipotesi del tutto eventuale i dati potranno essere trattati per la difesa di un diritto in sede giudiziaria (ogniqualvolta risulti necessario accertare, esercitare o difendere un diritto del Titolare) ovvero per dare seguito a richieste da parte dell\u2019Autorit\u00e0 amministrativa o giudiziaria competente e, pi\u00f9 in generale, di soggetti pubblici, nel rispetto delle formalit\u00e0 di Legge.<\/li>\n<\/ol>\n<\/li>\n<li><strong>Base giuridica che legittima il trattamento dei dati.<\/strong> Il trattamento \u00e8 fondato sulle basi giuridiche indicate con riferimento a ciascuna finalit\u00e0<\/li>\n<\/ol>\n<table style=\"height: 758px;\" width=\"1314\">\n<tbody>\n<tr>\n<td width=\"293\"><strong>Finalit\u00e0 del trattamento<\/strong><\/td>\n<td width=\"359\"><strong>Base giuridica che legittima il trattamento <\/strong><\/td>\n<\/tr>\n<tr>\n<td width=\"293\">Raccogliere le richieste di iscrizione e partecipazione al corso di formazione nonch\u00e9 a dar seguito alle stesse<\/td>\n<td width=\"359\"><strong><u>Art. 6 paragrafo I lettera b) GDPR 2016\/679<\/u><\/strong>: trattamento necessario all&#8217;esecuzione di un contratto di cui l&#8217;interessato \u00e8 parte o all&#8217;esecuzione di misure precontrattuali adottate su richiesta dello stesso.<\/td>\n<\/tr>\n<tr>\n<td width=\"293\">Espletare le pratiche \u2013 di gestione e di servizio \u2013 connesse all\u2019erogazione del corso (tra cui le comunicazioni preliminari, l\u2019invio di materiale ed il rilascio degli attestati di partecipazione quando previsto)<\/td>\n<td width=\"359\"><strong><u>Art. 6 paragrafo I lettera b) GDPR 2016\/679<\/u><\/strong>: trattamento necessario all&#8217;esecuzione di un contratto di cui l&#8217;interessato \u00e8 parte o all&#8217;esecuzione di misure precontrattuali adottate su richiesta dello stesso.<\/td>\n<\/tr>\n<tr>\n<td width=\"293\">Gestione dei pagamenti (con relativo trattamento, nei termini di Legge, dei dati di pagamento incusi gli eventuali estremi identificativi delle carte di credito).<\/td>\n<td width=\"359\"><strong><u>Art. 6 paragrafo I lettera b) GDPR 2016\/679<\/u><\/strong>: trattamento necessario all&#8217;esecuzione di un contratto di cui l&#8217;interessato \u00e8 parte o all&#8217;esecuzione di misure precontrattuali adottate su richiesta dello stesso.<\/td>\n<\/tr>\n<tr>\n<td width=\"293\"><strong>\u00a0<\/strong>Eventuale difesa di un diritto in sede giudiziaria ed ogniqualvolta risulti necessario accertare, esercitare o difendere un diritto del Titolare<\/td>\n<td width=\"359\"><strong><u>Art. 6 paragrafo I lettera f) GDPR 2016\/679<\/u><\/strong>: trattamento necessario per il perseguimento del legittimo interesse del titolare o di terzi<\/td>\n<\/tr>\n<\/tbody>\n<\/table>\n<ol start=\"8\">\n<li><strong>Modalit\u00e0 di trattamento e periodo di conservazione dei dati. <\/strong>Il trattamento dei dati sar\u00e0 svolto in forma manuale o elettronica su supporti cartacei o digitali nel rispetto di quanto previsto dall\u2019art. 32 del GDPR 2016\/679 in materia di misure di sicurezza. I dati raccolti vengono conservati per tutta la durata del rapporto contrattuale e, successivamente, per un periodo di 10 anni. In tutti i casi in cui sia necessario procedere in via giudiziale per l\u2019accertamento, l\u2019esercizio o la difesa di un diritto del Titolare il periodo di conservazione prosegue sino al completamento dell\u2019<em>iter <\/em><\/li>\n<li><strong>Natura della raccolta. <\/strong>Il conferimento dei dati per l\u2019attivazione e l\u2019esecuzione del rapporto contrattuale ha natura obbligatoria: il rifiuto di fornirli comporter\u00e0 l\u2019impossibilit\u00e0 di procedere.<\/li>\n<li><strong>Soggetti autorizzati al trattamento. <\/strong>I dipendenti della Fondazione i quali effettuano attivit\u00e0 di trattamento dati sono stati a ci\u00f2 espressamente autorizzati a norma dell\u2019art. 29 GDPR 2016\/679. L\u2019atto di autorizzazione contiene specifiche istruzioni e limitazioni \u2013 in base alla mansione svolta \u2013 riguardo le modalit\u00e0 con cui effettuare detto trattamento nonch\u00e9 un impegno alla riservatezza riguardo il contenuto degli stessi.<\/li>\n<li><strong>Responsabili esterni del trattamento. <\/strong>La Fondazione si avvale, nello svolgimento delle proprie attivit\u00e0, del supporto di soggetti esterni, persone fisiche o giuridiche, che sulla base di un contratto o di specifico incarico possono svolgere attivit\u00e0 di trattamento di dati personali per conto del Titolare. Questi ultimi sono stati nominati \u201cResponsabili esterni del trattamento\u201d ai sensi dell\u2019art. 28 GDPR 2016\/679 con impegno a rispettare i contenuti del Regolamento stesso. L\u2019elenco dei Responsabili \u00e8 a disposizione degli interessati previa richiesta scritta.<\/li>\n<li><strong>Comunicazione dei dati.<\/strong> Per le finalit\u00e0 di cui al punto 7 ovvero in adempimento ad obblighi di Legge o Regolamento, i dati potranno essere comunicati a Persone giuridiche o Enti Pubblici quali, a titolo esemplificativo: Istituti di credito (con riferimento ai dati di pagamento), Compagnie di Assicurazione ed Enti che dovessero erogare contributi in relazione alle attivit\u00e0 di formazione svolta. I dati potranno essere inoltre comunicati ai Componenti il Consiglio di Amministrazione, il Collegio dei Revisori o l\u2019Organismo di Vigilanza della Fondazione nell&#8217;esercizio delle rispettive funzioni, a consulenti legali in ipotesi di contenzioso, all\u2019Autorit\u00e0 giudiziaria a fronte di provvedimento motivato ovvero della necessit\u00e0 di tutela di un diritto del Titolare. Solo previo espresso consenso possono essere comunicati a terzi per finalit\u00e0 di <em>marketing<\/em>. Gli stessi potranno essere altres\u00ec comunicati ai soggetti che svolgono attivit\u00e0 di trattamento per conto del Titolare nominati quali responsabili esterni ai sensi dell&#8217;art. 28 GDPR 2016\/679 ed ai dipendenti autorizzati ai sensi dell\u2019art. 29 GDPR 2016\/679. I soggetti appartenenti alle categorie cui i dati possono essere comunicati effettueranno il trattamento, a seconda dei casi, in qualit\u00e0 di Responsabili del trattamento ovvero in qualit\u00e0 di Titolari autonomi.<\/li>\n<li><strong>Diffusione dei dati.<\/strong> I dati comunicati non sono soggetti a diffusione.<\/li>\n<\/ol>\n<p>&nbsp;<\/p>\n<p><strong>DIRITTI ESERCITABILI DAGLI INTERESSATI<\/strong><\/p>\n<p><strong>\u00a0<\/strong><\/p>\n<p>La Fondazione <em>Institut Agricole R\u00e9gional<\/em> garantisce agli interessati l\u2019esercizio del <strong>diritto di accesso<\/strong> ai sensi dell\u2019art. 15 GDPR 2016\/679 e, <u>ove applicabili<\/u>, dei <strong>diritti di rettifica<\/strong> (art. 16 GDPR 2016\/679), <strong>cancellazione<\/strong> (art. 17 GDPR 2016\/679), <strong>limitazione di trattamento<\/strong> (art. 18 GDPR 2016\/679), <strong>portabilit\u00e0 dei dati<\/strong> (art. 20 GDPR 2016\/679), di <strong>opposizione al trattamento<\/strong> (art. 21 GDPR 2016\/679) e di <strong>revoca del consenso<\/strong>. Fatto salvo ogni altro ricorso amministrativo o giurisdizionale, qualora dovesse ritenere che il trattamento dei dati venga effettuato in violazione del GDPR 2016\/679 ovvero del D.Lgs. 30 giugno 2006 n. 196 cos\u00ec come modificato dal D.Lgs. 10 agosto 2018 n. 101, ogni interessato ha diritto di proporre reclamo al Garante per la protezione dei dati personali seguendo le procedure e le indicazioni pubblicate sul sito <em>web<\/em> ufficiale dell\u2019Autorit\u00e0 <a href=\"http:\/\/www.garanteprivacy.it\">www.garanteprivacy.it<\/a>.<\/p>\n<p>Le richieste inerenti l\u2019esercizio dei diritti sopra esposti devono essere inviate in forma scritta presso la sede della Fondazione <em>Institut Agricole R\u00e9gional<\/em> in Aosta, Regione La Roch\u00e8re n. 1\/A ovvero mediante comunicazione a mezzo Posta Elettronica Certificata all\u2019indirizzo <a href=\"mailto:iar@cert.www.iaraosta.it\">iar@cert.www.iaraosta.it<\/a> all\u2019attenzione del Titolare del trattamento (in persona della Presidente del Consiglio di Amministrazione e Legale Rappresentante <em>pro tempore<\/em>).<\/p>\n<p>Il termine per le risposte alle istanze relative all\u2019esercizio dei diritti di cui ai punti da I. a IV. \u00e8 di 30 (trenta) giorni estensibili sino a 3 (tre) mesi in caso di particolare complessit\u00e0 (valutata dal Titolare del trattamento Fondazione <em>Institut Agricole R\u00e9gional<\/em>).<\/p>\n<p>&nbsp;<\/p>\n","protected":false},"excerpt":{"rendered":"<p>Fondazione Institut Agricole R\u00e9gional Informativa ai sensi dell\u2019art. 13 Regolamento Generale sulla Protezione dei Dati (UE) 2016\/679 Iscrizione corsi di formazione professionale mediante modulo online \u00a0 Titolare del trattamento. Titolare del trattamento dei dati comunicati [&hellip;]<\/p>\n","protected":false},"author":1,"featured_media":0,"parent":0,"menu_order":0,"comment_status":"closed","ping_status":"closed","template":"","meta":{"_acf_changed":false,"footnotes":""},"class_list":["post-18317","page","type-page","status-publish","hentry"],"acf":[],"publishpress_future_workflow_manual_trigger":{"enabledWorkflows":[]},"_links":{"self":[{"href":"https:\/\/www.iaraosta.it\/fr\/wp-json\/wp\/v2\/pages\/18317","targetHints":{"allow":["GET"]}}],"collection":[{"href":"https:\/\/www.iaraosta.it\/fr\/wp-json\/wp\/v2\/pages"}],"about":[{"href":"https:\/\/www.iaraosta.it\/fr\/wp-json\/wp\/v2\/types\/page"}],"author":[{"embeddable":true,"href":"https:\/\/www.iaraosta.it\/fr\/wp-json\/wp\/v2\/users\/1"}],"replies":[{"embeddable":true,"href":"https:\/\/www.iaraosta.it\/fr\/wp-json\/wp\/v2\/comments?post=18317"}],"version-history":[{"count":0,"href":"https:\/\/www.iaraosta.it\/fr\/wp-json\/wp\/v2\/pages\/18317\/revisions"}],"wp:attachment":[{"href":"https:\/\/www.iaraosta.it\/fr\/wp-json\/wp\/v2\/media?parent=18317"}],"curies":[{"name":"wp","href":"https:\/\/api.w.org\/{rel}","templated":true}]}}