{"id":18303,"date":"2021-10-11T15:25:01","date_gmt":"2021-10-11T13:25:01","guid":{"rendered":"https:\/\/www.iaraosta.it\/feasr-fondo-europeo-agricolo-per-lo-sviluppo-rurale\/"},"modified":"2021-10-11T15:25:01","modified_gmt":"2021-10-11T13:25:01","slug":"feasr-fondo-europeo-agricolo-per-lo-sviluppo-rurale","status":"publish","type":"page","link":"https:\/\/www.iaraosta.it\/fr\/feasr-fondo-europeo-agricolo-per-lo-sviluppo-rurale\/","title":{"rendered":"FEASR \u2013 Fondo Europeo Agricolo per lo Sviluppo Rurale"},"content":{"rendered":"<p><img loading=\"lazy\" decoding=\"async\" class=\"alignnone size-medium wp-image-7132\" src=\"https:\/\/www.iaraosta.it\/wp-content\/uploads\/2021\/10\/feasr_1a-300x72.jpeg\" alt=\"\" width=\"300\" height=\"72\" srcset=\"https:\/\/www.iaraosta.it\/wp-content\/uploads\/2021\/10\/feasr_1a-300x72.jpeg 300w, https:\/\/www.iaraosta.it\/wp-content\/uploads\/2021\/10\/feasr_1a-1024x244.jpeg 1024w, https:\/\/www.iaraosta.it\/wp-content\/uploads\/2021\/10\/feasr_1a-768x183.jpeg 768w, https:\/\/www.iaraosta.it\/wp-content\/uploads\/2021\/10\/feasr_1a-1536x366.jpeg 1536w, https:\/\/www.iaraosta.it\/wp-content\/uploads\/2021\/10\/feasr_1a-2048x488.jpeg 2048w, https:\/\/www.iaraosta.it\/wp-content\/uploads\/2021\/10\/feasr_1a-800x191.jpeg 800w\" sizes=\"auto, (max-width: 300px) 100vw, 300px\" \/><\/p>\n<p>Fondo europeo agricolo per lo sviluppo rurale: l\u2019Europa investe nelle zone rurali<br \/>\n<em>Fonds europ\u00e9en agricole pour le d\u00e9veloppement rural: l\u2019Europe investit dans les zones rurales<\/em><\/p>\n<p><strong>La Fondazione I.A.R. (Institut Agricole R\u00e9gional) ha beneficiato dei sostegni previsti dal Programma di sviluppo rurale della Valle d\u2019Aosta 2014\/2020 per l&#8217;erogazione di percorsi di formazione in ambito agricolo, agroalimentare e agroambientale.<\/strong><\/p>\n<h4>Intervento 1.1 \u2013 Sostegno ad azioni di formazione professionale e acquisizione di competenze<\/h4>\n<h4>Op\u00e9ration 1.1 \u2013 Soutien aux actions de formation professionnelle et acquisition de comp\u00e9tences<\/h4>\n<p>Iniziativa finanziata dal Programma di sviluppo rurale della Valle d\u2019Aosta 2014\/2020<br \/>\n<em>Initiative financ\u00e9e par le Programme de d\u00e9veloppement rural de la Vall\u00e9e d\u2019Aoste 2014\/2020<\/em><\/p>\n<p>&nbsp;<\/p>\n<p><strong>La Fondazione I.A.R. (Institut Agricole R\u00e9gional) ha beneficiato dei sostegni previsti dal Programma di sviluppo rurale della Valle d\u2019Aosta 2014\/2020 per l\u2019esecuzione dei lavori di ricostruzione e ripristino di tradizionali \u201cmuretti a secco\u201d, siti in loc. Monfleury (F.31 N.21) \u2013 CUP: B66E20002600007.<\/strong><\/p>\n<h4>Intervento 4.4 \u2013 Sostegno a investimenti non produttivi connessi all\u2019adempimento degli obiettivi agro-climatico-ambientali<\/h4>\n<h4>Op\u00e9ration 4.4 \u2013 Soutien aux investissements non productifs, li\u00e9s \u00e0 la r\u00e9alisation des objectifs agricoles-climatiques-environnementaux<\/h4>\n<h5>Autorit\u00e0 di gestione\/<em>Autorit\u00e9 de gestion<\/em>:<\/h5>\n<p>Regione Autonoma Valle d\u2019Aosta\/ <em>R\u00e9gion autonome Vall\u00e9e d\u2019Aoste<\/em><br \/>\nAssessorato Agricoltura e Risorse naturali\/<em>Assessorat de l\u2019Agriculture et des Ressources naturelles<\/em><br \/>\nStruttura Politiche regionali di sviluppo rurale\/<em>Structure Politiques r\u00e9gionales de d\u00e9veloppement rural<\/em><\/p>\n<h5>Organismo responsabile dell\u2019informazione\/<em>Sujet responsable de l\u2019information<\/em>:<\/h5>\n<p>dott.ssa PERETTO Martine in qualit\u00e0 di Presidente del Comitato Direttivo della<\/p>\n<p>Fondazione I.A.R. (Institut Agricole R\u00e9gional)<\/p>\n<p>con sede dell\u2019azienda reg. La Roch\u00e8re n. 1\/A \u2013 11100 Aosta<\/p>\n<p><img loading=\"lazy\" decoding=\"async\" class=\"alignnone size-medium wp-image-7133\" src=\"https:\/\/www.iaraosta.it\/wp-content\/uploads\/2021\/10\/FEASR-300x177.png\" alt=\"\" width=\"300\" height=\"177\" srcset=\"https:\/\/www.iaraosta.it\/wp-content\/uploads\/2021\/10\/FEASR-300x177.png 300w, https:\/\/www.iaraosta.it\/wp-content\/uploads\/2021\/10\/FEASR.png 596w\" sizes=\"auto, (max-width: 300px) 100vw, 300px\" \/><\/p>\n","protected":false},"excerpt":{"rendered":"<p>Fondo europeo agricolo per lo sviluppo rurale: l\u2019Europa investe nelle zone rurali Fonds europ\u00e9en agricole pour le d\u00e9veloppement rural: l\u2019Europe investit dans les zones rurales La Fondazione I.A.R. (Institut Agricole R\u00e9gional) ha beneficiato dei sostegni [&hellip;]<\/p>\n","protected":false},"author":1,"featured_media":0,"parent":0,"menu_order":0,"comment_status":"closed","ping_status":"closed","template":"","meta":{"_acf_changed":false,"footnotes":""},"class_list":["post-18303","page","type-page","status-publish","hentry"],"acf":[],"publishpress_future_workflow_manual_trigger":{"enabledWorkflows":[]},"_links":{"self":[{"href":"https:\/\/www.iaraosta.it\/fr\/wp-json\/wp\/v2\/pages\/18303","targetHints":{"allow":["GET"]}}],"collection":[{"href":"https:\/\/www.iaraosta.it\/fr\/wp-json\/wp\/v2\/pages"}],"about":[{"href":"https:\/\/www.iaraosta.it\/fr\/wp-json\/wp\/v2\/types\/page"}],"author":[{"embeddable":true,"href":"https:\/\/www.iaraosta.it\/fr\/wp-json\/wp\/v2\/users\/1"}],"replies":[{"embeddable":true,"href":"https:\/\/www.iaraosta.it\/fr\/wp-json\/wp\/v2\/comments?post=18303"}],"version-history":[{"count":0,"href":"https:\/\/www.iaraosta.it\/fr\/wp-json\/wp\/v2\/pages\/18303\/revisions"}],"wp:attachment":[{"href":"https:\/\/www.iaraosta.it\/fr\/wp-json\/wp\/v2\/media?parent=18303"}],"curies":[{"name":"wp","href":"https:\/\/api.w.org\/{rel}","templated":true}]}}