{"id":18364,"date":"2022-03-18T09:46:44","date_gmt":"2022-03-18T08:46:44","guid":{"rendered":"https:\/\/www.iaraosta.it\/supporto-alle-attivita-produttive-settore-agronomia\/"},"modified":"2022-03-18T09:46:44","modified_gmt":"2022-03-18T08:46:44","slug":"supporto-alle-attivita-produttive-settore-agronomia","status":"publish","type":"page","link":"https:\/\/www.iaraosta.it\/en\/supporto-alle-attivita-produttive-settore-agronomia\/","title":{"rendered":"Supporto alle attivit\u00e0 produttive &#8211; U.S Agronomia"},"content":{"rendered":"<div class=\"wpb-content-wrapper\"><p>[vc_row][vc_column][vc_column_text]<\/p>\n<ul>\n<li>\n<h2>Recupero e caratterizzazione di ecotipi locali di cereali<\/h2>\n<\/li>\n<\/ul>\n<p>All\u2019inizio del \u2018900 la cerealicoltura in Valle d\u2019Aosta era molto diffusa e si estendeva su circa 8.000 ha. Nel corso degli anni, la superficie coltivata si \u00e8 ridotta drasticamente e, al giorno d\u2019oggi, ricopre appena una trentina di ettari.<\/p>\n<p>L\u2019Unit\u00e0 di ricerca di Agronomia da tempo si occupa di recuperare e conservare vecchie popolazioni locali di cereali tradizionalmente coltivati nella nostra regione \u2013 <strong>segale, frumento, orzo e mais<\/strong> \u2013 allo scopo di preservare la diversit\u00e0 genetica che li contraddistingue, rilanciare la coltivazione dei cereali seminando variet\u00e0 autoctone e promuovere le filiere dei prodotti tipici derivati, come il pane nero.<\/p>\n<p>Il nostro lavoro inizia con la raccolta sul territorio delle popolazioni di cereali che risultano morfologicamente differenti tra di loro. Una volta recuperata la semente e verificata la germinabilit\u00e0, la coltiviamo per almeno 3 anni, rilevando le caratteristiche morfologiche qualitative e quantitative in diversi stadi fenologici (secondo le tabelle UPOV &#8211; Unione internazionale per la protezione delle nuove variet\u00e0 vegetali), l\u2019omogeneit\u00e0 e la stabilit\u00e0 nel tempo dei parametri rilevati e, quando possibile, la loro attitudine alla trasformazione in prodotti alimentari tipici della Valle d\u2019Aosta.<\/p>\n<p>Dopo circa un ventennio di moltiplicazione delle sementi e di controlli in campo, possiamo dare indicazioni agli agricoltori &#8211; e a tutti gli interessati &#8211; sugli ecotipi pi\u00f9 interessanti sul piano agronomico. Ricordiamo per\u00f2, che per mantenere in purezza una popolazione, \u00e8 necessario seminarla a una certa distanza da altre coltivazioni della stessa specie (soprattutto per gli ecotipi di segale e di mais).<\/p>\n<p>&nbsp;<\/p>\n<h4>Per informazioni, contattare lo staff di Agronomia<\/h4>\n<p>&nbsp;<\/p>\n<p><img loading=\"lazy\" decoding=\"async\" class=\"alignnone wp-image-11674\" src=\"https:\/\/www.iaraosta.it\/wp-content\/uploads\/2022\/03\/20200507_Saint-Marcel-300x122.jpg\" alt=\"\" width=\"538\" height=\"219\" srcset=\"https:\/\/www.iaraosta.it\/wp-content\/uploads\/2022\/03\/20200507_Saint-Marcel-300x122.jpg 300w, https:\/\/www.iaraosta.it\/wp-content\/uploads\/2022\/03\/20200507_Saint-Marcel-1024x416.jpg 1024w, https:\/\/www.iaraosta.it\/wp-content\/uploads\/2022\/03\/20200507_Saint-Marcel-768x312.jpg 768w, https:\/\/www.iaraosta.it\/wp-content\/uploads\/2022\/03\/20200507_Saint-Marcel-1536x624.jpg 1536w, https:\/\/www.iaraosta.it\/wp-content\/uploads\/2022\/03\/20200507_Saint-Marcel-2048x832.jpg 2048w, https:\/\/www.iaraosta.it\/wp-content\/uploads\/2022\/03\/20200507_Saint-Marcel-800x325.jpg 800w\" sizes=\"auto, (max-width: 538px) 100vw, 538px\" \/><br \/>\nParcelle di confronto varietale tra ecotipi locali di segale (Saint-Marcel, AO).<\/p>\n<p>&nbsp;<\/p>\n<ul>\n<li>\n<h2>Prove sperimentali in orticoltura e valorizzazione delle produzioni orticole locali<\/h2>\n<\/li>\n<\/ul>\n<p>La coltivazione dell\u2019orto \u00e8 da sempre integrata nelle attivit\u00e0 sperimentali e dimostrative dello IAR: oltre alla formazione rivolta ai nostri studenti, nell\u2019orto di Montfleury si sperimenta la coltivazione di nuove variet\u00e0 o di specie non diffuse nella regione, si testano nuove tecniche colturali pi\u00f9 rispettose dell\u2019ecosistema del suolo e dell\u2019ambiente e, nei Laboratori dello IAR, si analizzano le caratteristiche qualitative degli ortaggi locali.<\/p>\n<p>Gli ortaggi prodotti sono destinati alla mensa dello IAR e alla vendita diretta presso il punto vendita aziendale di Montfleury (AO).<\/p>\n<p>&nbsp;<\/p>\n<h4>Ecco alcune delle attivit\u00e0 a servizio dell\u2019orticoltura valdostana:<\/h4>\n<p>&nbsp;<\/p>\n<p><strong><u>Approfondimenti analitici sulla qualit\u00e0 degli ortaggi valdostani<\/u>:<\/strong> analisi chimiche volte a fornire un\u2019indicazione sulla qualit\u00e0 dei prodotti orticoli locali (fragole, pomodori e carote) al giorno della raccolta e nei 10-15 giorni successivi alla raccolta; oltre ai parametri chimico-fisici standard, vengono determinati i contenuti in zuccheri, acido citrico, acido ascorbico, clorofilla e polifenoli totali. A titolo comparativo, vengono contemporaneamente analizzati ortaggi prodotti al di fuori della Valle d\u2019Aosta.<\/p>\n<p>&nbsp;<\/p>\n<p><strong><u>L\u2019orto famigliare<\/u>:<\/strong> DVD prodotto dallo IAR e disponibile gratuitamente. Richiedi una copia gratuita e guarda un estratto del DVD\u00a0 <a href=\"https:\/\/www.youtube.com\/watch?v=2cQcUY5s9Co\">https:\/\/www.youtube.com\/watch?v=2cQcUY5s9Co<\/a><\/p>\n<p>&nbsp;<\/p>\n<p><strong><u>Confronto varietale su patate<\/u>:<\/strong> ogni anno vengono immesse sul mercato nuove cultivar di patate, ma poche di esse si adattano alle condizioni della nostra regione. Al fine di consigliare le variet\u00e0 pi\u00f9 idonee e capaci di fornire produzioni qualitativamente e quantitativamente adeguate l\u2019Institut Agricole R\u00e9gional ogni anno testa le nuove cultivar introdotte sul mercato, con lo scopo di verificarne le potenzialit\u00e0 produttive e le capacit\u00e0 di adattamento alle nostre condizioni.<\/p>\n<p>&nbsp;<\/p>\n<p><strong><u>La patata<\/u><\/strong>: DVD sulla coltivazione della patata prodotto dallo IAR e disponibile gratuitamente. Richiedi una copia gratuita.<\/p>\n<p>&nbsp;<\/p>\n<p><strong><u>Orticoltura di precisione<\/u>:<\/strong> su espressa richiesta dell\u2019Assessorato Agricoltura e Risorse Naturali, lo IAR collabora all\u2019impostazione di una sperimentazione che prevede l\u2019utilizzo di un macchinario automatico di precisione per la gestione di colture orticole da pieno campo, installato presso i terreni di un\u2019azienda agricola valdostana. Vengono confrontati investimenti, rese e tempi di lavoro di due parcelle che ospitano le stesse colture: una robotizzata l\u2019altra a conduzione tradizionale. I dati raccolti permetteranno di valutare vantaggi e svantaggi delle due tecniche a confronto, dai punti di vista agronomico ed economico.<\/p>\n<p>&nbsp;<\/p>\n<p><u><a href=\"https:\/\/www.fondazioneslowfood.com\/it\/presidi-slow-food\/patata-verrayes-della-valle-daosta\/\">Patata Verrayes Presidio Slow Food\u00ae<\/a><\/u>: lo IAR collabora con gli agricoltori locali coinvolti nel riconoscimento del <strong>Presidio Slow Food<\/strong>, effettuando i rilievi di caratterizzazione della <strong>Patata Verrayes.<\/strong><\/p>\n<p>&nbsp;<\/p>\n<p><img loading=\"lazy\" decoding=\"async\" class=\"alignnone wp-image-11675\" src=\"https:\/\/www.iaraosta.it\/wp-content\/uploads\/2022\/03\/Orto-MF_Prova-non-lavoro_2016-e1647593170314-300x114.jpg\" alt=\"\" width=\"542\" height=\"206\" srcset=\"https:\/\/www.iaraosta.it\/wp-content\/uploads\/2022\/03\/Orto-MF_Prova-non-lavoro_2016-e1647593170314-300x114.jpg 300w, https:\/\/www.iaraosta.it\/wp-content\/uploads\/2022\/03\/Orto-MF_Prova-non-lavoro_2016-e1647593170314-1024x389.jpg 1024w, https:\/\/www.iaraosta.it\/wp-content\/uploads\/2022\/03\/Orto-MF_Prova-non-lavoro_2016-e1647593170314-768x291.jpg 768w, https:\/\/www.iaraosta.it\/wp-content\/uploads\/2022\/03\/Orto-MF_Prova-non-lavoro_2016-e1647593170314-800x304.jpg 800w, https:\/\/www.iaraosta.it\/wp-content\/uploads\/2022\/03\/Orto-MF_Prova-non-lavoro_2016-e1647593170314.jpg 1502w\" sizes=\"auto, (max-width: 542px) 100vw, 542px\" \/><br \/>\nConfronto tra due diverse tecniche di coltivazione degli ortaggi: parcelle con preparazione del suolo tramite lavoro meccanico <em>versus<\/em> parcelle senza lavorazione del terreno (Montfleury, AO).<\/p>\n<p>&nbsp;<\/p>\n<h1>D\u00e9pliant per gli agricoltori<\/h1>\n<h3>Gestione dei prati in Valle d\u2019Aosta<\/h3>\n<h3>SFOGLIA I PDF<\/h3>\n<p><a href=\"https:\/\/www.iaraosta.it\/wp-content\/uploads\/2022\/03\/2002_IAR_Gestione-prati-in-VdA.pdf\"><img loading=\"lazy\" decoding=\"async\" class=\"alignnone size-medium wp-image-11776\" src=\"https:\/\/www.iaraosta.it\/wp-content\/uploads\/2022\/03\/5-212x300.png\" alt=\"\" width=\"212\" height=\"300\" srcset=\"https:\/\/www.iaraosta.it\/wp-content\/uploads\/2022\/03\/5-212x300.png 212w, https:\/\/www.iaraosta.it\/wp-content\/uploads\/2022\/03\/5-724x1024.png 724w, https:\/\/www.iaraosta.it\/wp-content\/uploads\/2022\/03\/5-768x1086.png 768w, https:\/\/www.iaraosta.it\/wp-content\/uploads\/2022\/03\/5-1086x1536.png 1086w, https:\/\/www.iaraosta.it\/wp-content\/uploads\/2022\/03\/5-800x1132.png 800w, https:\/\/www.iaraosta.it\/wp-content\/uploads\/2022\/03\/5.png 1414w\" sizes=\"auto, (max-width: 212px) 100vw, 212px\" \/><\/a> <a href=\"https:\/\/www.iaraosta.it\/wp-content\/uploads\/2022\/03\/2002_IAR_Flora-e-infestanti-dei-prati-in-VdA.pdf\"><img loading=\"lazy\" decoding=\"async\" class=\"alignnone size-medium wp-image-11774\" src=\"https:\/\/www.iaraosta.it\/wp-content\/uploads\/2022\/03\/3-212x300.png\" alt=\"\" width=\"212\" height=\"300\" srcset=\"https:\/\/www.iaraosta.it\/wp-content\/uploads\/2022\/03\/3-212x300.png 212w, https:\/\/www.iaraosta.it\/wp-content\/uploads\/2022\/03\/3-724x1024.png 724w, https:\/\/www.iaraosta.it\/wp-content\/uploads\/2022\/03\/3-768x1086.png 768w, https:\/\/www.iaraosta.it\/wp-content\/uploads\/2022\/03\/3-1086x1536.png 1086w, https:\/\/www.iaraosta.it\/wp-content\/uploads\/2022\/03\/3-800x1132.png 800w, https:\/\/www.iaraosta.it\/wp-content\/uploads\/2022\/03\/3.png 1414w\" sizes=\"auto, (max-width: 212px) 100vw, 212px\" \/><\/a> <a href=\"https:\/\/www.iaraosta.it\/wp-content\/uploads\/2022\/03\/2002_IAR_Fienagione_Consigli-pratici.pdf\"><img loading=\"lazy\" decoding=\"async\" class=\"alignnone size-medium wp-image-11777\" src=\"https:\/\/www.iaraosta.it\/wp-content\/uploads\/2022\/03\/6-212x300.png\" alt=\"\" width=\"212\" height=\"300\" srcset=\"https:\/\/www.iaraosta.it\/wp-content\/uploads\/2022\/03\/6-212x300.png 212w, https:\/\/www.iaraosta.it\/wp-content\/uploads\/2022\/03\/6-724x1024.png 724w, https:\/\/www.iaraosta.it\/wp-content\/uploads\/2022\/03\/6-768x1086.png 768w, https:\/\/www.iaraosta.it\/wp-content\/uploads\/2022\/03\/6-1086x1536.png 1086w, https:\/\/www.iaraosta.it\/wp-content\/uploads\/2022\/03\/6-800x1132.png 800w, https:\/\/www.iaraosta.it\/wp-content\/uploads\/2022\/03\/6.png 1414w\" sizes=\"auto, (max-width: 212px) 100vw, 212px\" \/><\/a><a href=\"https:\/\/www.iaraosta.it\/wp-content\/uploads\/2022\/03\/2002_IAR_Valorizzazione-dei-fertilizzanti-aziendali.pdf\"><img loading=\"lazy\" decoding=\"async\" class=\"alignnone size-medium wp-image-11773\" src=\"https:\/\/www.iaraosta.it\/wp-content\/uploads\/2022\/03\/2-212x300.png\" alt=\"\" width=\"212\" height=\"300\" srcset=\"https:\/\/www.iaraosta.it\/wp-content\/uploads\/2022\/03\/2-212x300.png 212w, https:\/\/www.iaraosta.it\/wp-content\/uploads\/2022\/03\/2-724x1024.png 724w, https:\/\/www.iaraosta.it\/wp-content\/uploads\/2022\/03\/2-768x1086.png 768w, https:\/\/www.iaraosta.it\/wp-content\/uploads\/2022\/03\/2-1086x1536.png 1086w, https:\/\/www.iaraosta.it\/wp-content\/uploads\/2022\/03\/2-800x1132.png 800w, https:\/\/www.iaraosta.it\/wp-content\/uploads\/2022\/03\/2.png 1414w\" sizes=\"auto, (max-width: 212px) 100vw, 212px\" \/><\/a> <a href=\"https:\/\/www.iaraosta.it\/wp-content\/uploads\/2022\/03\/2002_IAR_Recupero-dei-prati-degradati-in-VdA-1.pdf\"><img loading=\"lazy\" decoding=\"async\" class=\"alignnone size-medium wp-image-11775\" src=\"https:\/\/www.iaraosta.it\/wp-content\/uploads\/2022\/03\/4-212x300.png\" alt=\"\" width=\"212\" height=\"300\" srcset=\"https:\/\/www.iaraosta.it\/wp-content\/uploads\/2022\/03\/4-212x300.png 212w, https:\/\/www.iaraosta.it\/wp-content\/uploads\/2022\/03\/4-724x1024.png 724w, https:\/\/www.iaraosta.it\/wp-content\/uploads\/2022\/03\/4-768x1086.png 768w, https:\/\/www.iaraosta.it\/wp-content\/uploads\/2022\/03\/4-1086x1536.png 1086w, https:\/\/www.iaraosta.it\/wp-content\/uploads\/2022\/03\/4-800x1132.png 800w, https:\/\/www.iaraosta.it\/wp-content\/uploads\/2022\/03\/4.png 1414w\" sizes=\"auto, (max-width: 212px) 100vw, 212px\" \/><\/a><a href=\"https:\/\/www.iaraosta.it\/wp-content\/uploads\/2022\/03\/2011_NAPEA_Coltivare-diversita-prati.pdf\"><img loading=\"lazy\" decoding=\"async\" class=\"alignnone size-medium wp-image-11772\" src=\"https:\/\/www.iaraosta.it\/wp-content\/uploads\/2022\/03\/1-212x300.png\" alt=\"\" width=\"212\" height=\"300\" srcset=\"https:\/\/www.iaraosta.it\/wp-content\/uploads\/2022\/03\/1-212x300.png 212w, https:\/\/www.iaraosta.it\/wp-content\/uploads\/2022\/03\/1-724x1024.png 724w, https:\/\/www.iaraosta.it\/wp-content\/uploads\/2022\/03\/1-768x1086.png 768w, https:\/\/www.iaraosta.it\/wp-content\/uploads\/2022\/03\/1-1086x1536.png 1086w, https:\/\/www.iaraosta.it\/wp-content\/uploads\/2022\/03\/1-800x1132.png 800w, https:\/\/www.iaraosta.it\/wp-content\/uploads\/2022\/03\/1.png 1414w\" sizes=\"auto, (max-width: 212px) 100vw, 212px\" \/><\/a><\/p>\n<h3>Risemine con miscele di sementi raccolte in Valle d\u2019Aosta<\/h3>\n<h3>SFOGLIA I PDF<\/h3>\n<p><a href=\"https:\/\/www.iaraosta.it\/wp-content\/uploads\/2022\/03\/2015_ALPGRAIN_PROD_ITA.pdf\"><img loading=\"lazy\" decoding=\"async\" class=\"alignnone size-medium wp-image-11929\" src=\"https:\/\/www.iaraosta.it\/wp-content\/uploads\/2022\/03\/1-1-212x300.png\" alt=\"\" width=\"212\" height=\"300\" srcset=\"https:\/\/www.iaraosta.it\/wp-content\/uploads\/2022\/03\/1-1-212x300.png 212w, https:\/\/www.iaraosta.it\/wp-content\/uploads\/2022\/03\/1-1-724x1024.png 724w, https:\/\/www.iaraosta.it\/wp-content\/uploads\/2022\/03\/1-1-768x1086.png 768w, https:\/\/www.iaraosta.it\/wp-content\/uploads\/2022\/03\/1-1-1086x1536.png 1086w, https:\/\/www.iaraosta.it\/wp-content\/uploads\/2022\/03\/1-1-800x1132.png 800w, https:\/\/www.iaraosta.it\/wp-content\/uploads\/2022\/03\/1-1.png 1414w\" sizes=\"auto, (max-width: 212px) 100vw, 212px\" \/><\/a>\u00a0 \u00a0<a href=\"https:\/\/www.iaraosta.it\/wp-content\/uploads\/2022\/03\/2015_ALPGRAIN_UTIL_ITA.pdf\"><img loading=\"lazy\" decoding=\"async\" class=\"alignnone size-medium wp-image-11930\" src=\"https:\/\/www.iaraosta.it\/wp-content\/uploads\/2022\/03\/2-1-212x300.png\" alt=\"\" width=\"212\" height=\"300\" srcset=\"https:\/\/www.iaraosta.it\/wp-content\/uploads\/2022\/03\/2-1-212x300.png 212w, https:\/\/www.iaraosta.it\/wp-content\/uploads\/2022\/03\/2-1-724x1024.png 724w, https:\/\/www.iaraosta.it\/wp-content\/uploads\/2022\/03\/2-1-768x1086.png 768w, https:\/\/www.iaraosta.it\/wp-content\/uploads\/2022\/03\/2-1-1086x1536.png 1086w, https:\/\/www.iaraosta.it\/wp-content\/uploads\/2022\/03\/2-1-800x1132.png 800w, https:\/\/www.iaraosta.it\/wp-content\/uploads\/2022\/03\/2-1.png 1414w\" sizes=\"auto, (max-width: 212px) 100vw, 212px\" \/> \u00a0 <\/a><a href=\"https:\/\/www.iaraosta.it\/wp-content\/uploads\/2022\/03\/2020_RESTHALP_Piano-dazione-Ripristino_ITA.pdf\"><img loading=\"lazy\" decoding=\"async\" class=\"alignnone size-medium wp-image-12638\" src=\"https:\/\/www.iaraosta.it\/wp-content\/uploads\/2022\/03\/2020_RESTHALP_Piano-dazione-Ripristino_ITA_front1-212x300.png\" alt=\"\" width=\"212\" height=\"300\" srcset=\"https:\/\/www.iaraosta.it\/wp-content\/uploads\/2022\/03\/2020_RESTHALP_Piano-dazione-Ripristino_ITA_front1-212x300.png 212w, https:\/\/www.iaraosta.it\/wp-content\/uploads\/2022\/03\/2020_RESTHALP_Piano-dazione-Ripristino_ITA_front1.png 595w\" sizes=\"auto, (max-width: 212px) 100vw, 212px\" \/><\/a><\/p>\n<h3>Le specie vegetali esotiche e invasive: conoscerle e gestirle<\/h3>\n<p>&nbsp;<\/p>\n<h3>SFOGLIA I PDF<\/h3>\n<p><a href=\"https:\/\/www.iaraosta.it\/wp-content\/uploads\/2022\/03\/2011_NAPEA_Depliant_Panace.pdf\"><img loading=\"lazy\" decoding=\"async\" class=\"alignnone size-medium wp-image-11931\" src=\"https:\/\/www.iaraosta.it\/wp-content\/uploads\/2022\/03\/3-1-212x300.png\" alt=\"\" width=\"212\" height=\"300\" srcset=\"https:\/\/www.iaraosta.it\/wp-content\/uploads\/2022\/03\/3-1-212x300.png 212w, https:\/\/www.iaraosta.it\/wp-content\/uploads\/2022\/03\/3-1-724x1024.png 724w, https:\/\/www.iaraosta.it\/wp-content\/uploads\/2022\/03\/3-1-768x1086.png 768w, https:\/\/www.iaraosta.it\/wp-content\/uploads\/2022\/03\/3-1-1086x1536.png 1086w, https:\/\/www.iaraosta.it\/wp-content\/uploads\/2022\/03\/3-1-800x1132.png 800w, https:\/\/www.iaraosta.it\/wp-content\/uploads\/2022\/03\/3-1.png 1414w\" sizes=\"auto, (max-width: 212px) 100vw, 212px\" \/><\/a>\u00a0 \u00a0<a href=\"https:\/\/www.iaraosta.it\/wp-content\/uploads\/2022\/03\/2011_NAPEA_Depliant_Poligono.pdf\"><img loading=\"lazy\" decoding=\"async\" class=\"alignnone size-medium wp-image-11933\" src=\"https:\/\/www.iaraosta.it\/wp-content\/uploads\/2022\/03\/5-1-212x300.png\" alt=\"\" width=\"212\" height=\"300\" srcset=\"https:\/\/www.iaraosta.it\/wp-content\/uploads\/2022\/03\/5-1-212x300.png 212w, https:\/\/www.iaraosta.it\/wp-content\/uploads\/2022\/03\/5-1-724x1024.png 724w, https:\/\/www.iaraosta.it\/wp-content\/uploads\/2022\/03\/5-1-768x1086.png 768w, https:\/\/www.iaraosta.it\/wp-content\/uploads\/2022\/03\/5-1-1086x1536.png 1086w, https:\/\/www.iaraosta.it\/wp-content\/uploads\/2022\/03\/5-1-800x1132.png 800w, https:\/\/www.iaraosta.it\/wp-content\/uploads\/2022\/03\/5-1.png 1414w\" sizes=\"auto, (max-width: 212px) 100vw, 212px\" \/><\/a>\u00a0 \u00a0<a href=\"https:\/\/www.iaraosta.it\/wp-content\/uploads\/2022\/03\/2011_NAPEA_Depliant_Senecio.pdf\"><img loading=\"lazy\" decoding=\"async\" class=\"alignnone size-medium wp-image-11932\" src=\"https:\/\/www.iaraosta.it\/wp-content\/uploads\/2022\/03\/4-1-212x300.png\" alt=\"\" width=\"212\" height=\"300\" srcset=\"https:\/\/www.iaraosta.it\/wp-content\/uploads\/2022\/03\/4-1-212x300.png 212w, https:\/\/www.iaraosta.it\/wp-content\/uploads\/2022\/03\/4-1-724x1024.png 724w, https:\/\/www.iaraosta.it\/wp-content\/uploads\/2022\/03\/4-1-768x1086.png 768w, https:\/\/www.iaraosta.it\/wp-content\/uploads\/2022\/03\/4-1-1086x1536.png 1086w, https:\/\/www.iaraosta.it\/wp-content\/uploads\/2022\/03\/4-1-800x1132.png 800w, https:\/\/www.iaraosta.it\/wp-content\/uploads\/2022\/03\/4-1.png 1414w\" sizes=\"auto, (max-width: 212px) 100vw, 212px\" \/><\/a> <a href=\"https:\/\/www.iaraosta.it\/wp-content\/uploads\/2022\/03\/2018_Senecio-sudafricano-e-produzioni-apistiche.pdf\"><img loading=\"lazy\" decoding=\"async\" class=\"alignnone size-medium wp-image-11934\" src=\"https:\/\/www.iaraosta.it\/wp-content\/uploads\/2022\/03\/6-1-212x300.png\" alt=\"\" width=\"212\" height=\"300\" srcset=\"https:\/\/www.iaraosta.it\/wp-content\/uploads\/2022\/03\/6-1-212x300.png 212w, https:\/\/www.iaraosta.it\/wp-content\/uploads\/2022\/03\/6-1-724x1024.png 724w, https:\/\/www.iaraosta.it\/wp-content\/uploads\/2022\/03\/6-1-768x1086.png 768w, https:\/\/www.iaraosta.it\/wp-content\/uploads\/2022\/03\/6-1-1086x1536.png 1086w, https:\/\/www.iaraosta.it\/wp-content\/uploads\/2022\/03\/6-1-800x1132.png 800w, https:\/\/www.iaraosta.it\/wp-content\/uploads\/2022\/03\/6-1.png 1414w\" sizes=\"auto, (max-width: 212px) 100vw, 212px\" \/><\/a> \u00a0 <a href=\"https:\/\/www.iaraosta.it\/wp-content\/uploads\/2022\/03\/RESTHALP_Piano-dazione-Specie-Esotiche-Invasive_ITA.pdf\"><img loading=\"lazy\" decoding=\"async\" class=\"alignnone size-medium wp-image-11935\" src=\"https:\/\/www.iaraosta.it\/wp-content\/uploads\/2022\/03\/7-212x300.png\" alt=\"\" width=\"212\" height=\"300\" srcset=\"https:\/\/www.iaraosta.it\/wp-content\/uploads\/2022\/03\/7-212x300.png 212w, https:\/\/www.iaraosta.it\/wp-content\/uploads\/2022\/03\/7-724x1024.png 724w, https:\/\/www.iaraosta.it\/wp-content\/uploads\/2022\/03\/7-768x1086.png 768w, https:\/\/www.iaraosta.it\/wp-content\/uploads\/2022\/03\/7-1086x1536.png 1086w, https:\/\/www.iaraosta.it\/wp-content\/uploads\/2022\/03\/7-800x1132.png 800w, https:\/\/www.iaraosta.it\/wp-content\/uploads\/2022\/03\/7.png 1414w\" sizes=\"auto, (max-width: 212px) 100vw, 212px\" \/><\/a><\/p>\n<h4>AlienAlp: l\u2019app per la segnalazione delle specie esotiche invasive<\/h4>\n<p>Con l\u2019app chiunque pu\u00f2 segnalare la presenza delle specie esotiche invasive incontrate sul territorio, partecipare al monitoraggio sulla loro diffusione e contribuire a frenare l\u2019invasione.<\/p>\n<p>&nbsp;<\/p>\n<h4>Scarica l&#8217;app AlienAlp per la segnalazione delle specie esotiche invasive<\/h4>\n<p><a href=\"https:\/\/www.iaraosta.it\/wp-content\/uploads\/2022\/03\/RESTHALP_Piano-dazione-Specie-Esotiche-Invasive_ITA.pdf\"><img loading=\"lazy\" decoding=\"async\" class=\"wp-image-11715 alignleft\" src=\"https:\/\/www.iaraosta.it\/wp-content\/uploads\/2022\/03\/RestHAlp_AlienAlp-262x300-1.png\" alt=\"Alien Alp App RestHAlp\" width=\"127\" height=\"145\" \/><\/a>Con l\u2019app chiunque pu\u00f2 segnalare la presenza delle specie esotiche invasive incontrate sul territorio, partecipare al monitoraggio sulla loro diffusione e contribuire a frenare l\u2019invasione.<\/p>\n<p>L\u2019applicazione smartphone \u201cAlienAlp\u201d \u00e8 liberamente scaricabile su <a href=\"https:\/\/play.google.com\/store\/apps\/details?id=it.vda.regione.alienalp&amp;gl=IT\">PlayStore<\/a> e <a href=\"https:\/\/apps.apple.com\/it\/app\/alienalp\/id1465241727\">AppStore<\/a>.[\/vc_column_text][\/vc_column][\/vc_row]<\/p>\n<\/div>","protected":false},"excerpt":{"rendered":"<p>[vc_row][vc_column][vc_column_text] Recupero e caratterizzazione di ecotipi locali di cereali All\u2019inizio del \u2018900 la cerealicoltura in Valle d\u2019Aosta era molto diffusa e si estendeva su circa 8.000 ha. Nel corso degli anni, la superficie coltivata si [&hellip;]<\/p>\n","protected":false},"author":5,"featured_media":17007,"parent":0,"menu_order":0,"comment_status":"closed","ping_status":"closed","template":"page-trasferimento-tecnologico.php","meta":{"_acf_changed":false,"footnotes":""},"class_list":["post-18364","page","type-page","status-publish","has-post-thumbnail","hentry"],"acf":[],"publishpress_future_workflow_manual_trigger":{"enabledWorkflows":[]},"_links":{"self":[{"href":"https:\/\/www.iaraosta.it\/en\/wp-json\/wp\/v2\/pages\/18364","targetHints":{"allow":["GET"]}}],"collection":[{"href":"https:\/\/www.iaraosta.it\/en\/wp-json\/wp\/v2\/pages"}],"about":[{"href":"https:\/\/www.iaraosta.it\/en\/wp-json\/wp\/v2\/types\/page"}],"author":[{"embeddable":true,"href":"https:\/\/www.iaraosta.it\/en\/wp-json\/wp\/v2\/users\/5"}],"replies":[{"embeddable":true,"href":"https:\/\/www.iaraosta.it\/en\/wp-json\/wp\/v2\/comments?post=18364"}],"version-history":[{"count":0,"href":"https:\/\/www.iaraosta.it\/en\/wp-json\/wp\/v2\/pages\/18364\/revisions"}],"wp:featuredmedia":[{"embeddable":true,"href":"https:\/\/www.iaraosta.it\/en\/wp-json\/wp\/v2\/media\/17007"}],"wp:attachment":[{"href":"https:\/\/www.iaraosta.it\/en\/wp-json\/wp\/v2\/media?parent=18364"}],"curies":[{"name":"wp","href":"https:\/\/api.w.org\/{rel}","templated":true}]}}